{"id":8402,"date":"2016-10-06T03:22:00","date_gmt":"2016-10-06T03:22:00","guid":{"rendered":"https:\/\/diamocosmetic.com\/anasayfa\/"},"modified":"2020-04-17T06:12:02","modified_gmt":"2020-04-17T06:12:02","slug":"anasayfa","status":"publish","type":"page","link":"https:\/\/diamocosmetic.com\/tr\/","title":{"rendered":"Anasayfa"},"content":{"rendered":"<div class=\"wpb-content-wrapper\">[vc_row el_class=&#8221;full-width&#8221; css=&#8221;.vc_custom_1477624933505{margin-bottom: 0px !important;}&#8221;][vc_column][rev_slider_vc alias=&#8221;homeslide-tr&#8221;][\/vc_column][\/vc_row][vc_row el_class=&#8221;layout5 textcenter&#8221; css=&#8221;.vc_custom_1519728981034{margin-bottom: 0px !important;background-position: center !important;background-repeat: no-repeat !important;background-size: cover !important;}&#8221;][vc_column width=&#8221;1\/4&#8243;][vc_column_text][vc_icon icon_fontawesome=&#8221;fa fa-codepen&#8221; color=&#8221;orange&#8221; size=&#8221;lg&#8221; align=&#8221;center&#8221;]\n<h4><span style=\"color: #4c4c4c;\">Ara\u015ft\u0131r\u0131r\u0131z<\/span><\/h4>\n<p><span style=\"color: #333333;\">We always follow the latest innovations and market trends for continuous improvement. We develop formulas, products and bring them to life.<\/span>[\/vc_column_text][\/vc_column][vc_column width=&#8221;1\/4&#8243;][vc_column_text][vc_icon icon_fontawesome=&#8221;fa fa-paint-brush&#8221; color=&#8221;orange&#8221; size=&#8221;lg&#8221; align=&#8221;center&#8221;]\n<h4><span style=\"color: #4c4c4c;\">Tasarlar\u0131z<\/span><\/h4>\n<p><span style=\"color: #333333;\">Our graphic team is ready to create a product range with your brand and with your logo. We offer a full design service to our customers.<\/span>[\/vc_column_text][\/vc_column][vc_column width=&#8221;1\/4&#8243;][vc_column_text][vc_icon icon_fontawesome=&#8221;fa fa-cogs&#8221; color=&#8221;orange&#8221; size=&#8221;lg&#8221; align=&#8221;center&#8221;]\n<h4><span style=\"color: #4c4c4c;\">\u00dcretiriz<\/span><\/h4>\n<p><span style=\"color: #333333;\">We manufacture with latest technology, with care and under perfection.<\/span>[\/vc_column_text][\/vc_column][vc_column width=&#8221;1\/4&#8243;][vc_column_text][vc_icon icon_fontawesome=&#8221;fa fa-tasks&#8221; color=&#8221;orange&#8221; size=&#8221;lg&#8221; align=&#8221;center&#8221;]\n<h4><span style=\"color: #4c4c4c;\">Kontrol Ederiz<\/span><\/h4>\n<p><span style=\"color: #333333;\">With a variety of testing equipment and experienced QC team, we control everything with high quality standards<\/span>[\/vc_column_text][\/vc_column][\/vc_row][vc_row el_class=&#8221;full-width no-gap banner layout1 pt-40&#8243; css=&#8221;.vc_custom_1525953300211{margin-bottom: 0px !important;padding-bottom: 0px !important;}&#8221;][vc_column][vc_column_text el_class=&#8221;title&#8221;]\n<h3>\u00dcr\u00fcn Gruplar\u0131<\/h3>\n[\/vc_column_text][vc_separator color=&#8221;orange&#8221; border_width=&#8221;2&#8243; el_width=&#8221;10&#8243; el_class=&#8221;mb-m-10&#8243;][\/vc_column][\/vc_row][vc_row el_class=&#8221;full-width no-gap banner layout1&#8243; css=&#8221;.vc_custom_1520407914651{margin-bottom: 0px !important;padding-top: 20px !important;padding-bottom: 0px !important;}&#8221;][vc_column width=&#8221;1\/3&#8243;][vc_single_image image=&#8221;8902&#8243; img_size=&#8221;full&#8221; onclick=&#8221;custom_link&#8221; link=&#8221;https:\/\/diamocosmetic.com\/house-cleaning-and-laundry\/&#8221;][vc_empty_space height=&#8221;20px&#8221;][\/vc_column][vc_column width=&#8221;1\/3&#8243;][vc_single_image image=&#8221;8901&#8243; img_size=&#8221;full&#8221; onclick=&#8221;custom_link&#8221; link=&#8221;https:\/\/diamocosmetic.com\/personal-care\/&#8221;][vc_empty_space height=&#8221;20px&#8221;][\/vc_column][vc_column width=&#8221;1\/3&#8243;][vc_single_image image=&#8221;8903&#8243; img_size=&#8221;full&#8221; onclick=&#8221;custom_link&#8221; link=&#8221;https:\/\/diamocosmetic.com\/fine-fragrance-collections\/&#8221;][\/vc_column][\/vc_row][vc_row el_class=&#8221;products-carousel-1 layout1&#8243; css=&#8221;.vc_custom_1525871091474{margin-bottom: 0px !important;background-color: #f6f7fb !important;}&#8221;][vc_column][vc_column_text el_class=&#8221;title&#8221;]\n<h3>Beklentilerinizin \u00dczerinde&#8230;<\/h3>\n[\/vc_column_text][vc_separator color=&#8221;orange&#8221; border_width=&#8221;2&#8243; el_width=&#8221;10&#8243; el_class=&#8221;mb-10&#8243;][vc_row_inner][vc_column_inner width=&#8221;1\/3&#8243;][vc_hoverbox image=&#8221;8654&#8243; primary_title=&#8221;Fason \u00dcretim&#8221; primary_title_font_container=&#8221;color:%23ffffff&#8221; primary_title_google_fonts=&#8221;font_family:Lobster%3Aregular|font_style:400%20regular%3A400%3Anormal&#8221; hover_title=&#8221;Private Label Products&#8221; shape=&#8221;square&#8221; use_custom_fonts_primary_title=&#8221;true&#8221; primary_title_el_class=&#8221;tshadow&#8221;]We are a reliable business partner for private label productions. We meet the expectations with our wide range of products plus with our fast, dependable and high quality service.[\/vc_hoverbox][vc_empty_space height=&#8221;24px&#8221;][\/vc_column_inner][vc_column_inner width=&#8221;1\/3&#8243;][vc_hoverbox image=&#8221;8877&#8243; primary_title=&#8221;Fuarlar&#8221; primary_title_font_container=&#8221;color:%23ffffff&#8221; primary_title_google_fonts=&#8221;font_family:Lobster%3Aregular|font_style:400%20regular%3A400%3Anormal&#8221; hover_title=&#8221;Fair&#8221; shape=&#8221;square&#8221; use_custom_fonts_primary_title=&#8221;true&#8221; primary_title_el_class=&#8221;tshadow&#8221;]We attend international fairs to keep up to date with the industry and the needs of the market. We keep close and direct relations with our clients.[\/vc_hoverbox][vc_empty_space height=&#8221;24px&#8221;][\/vc_column_inner][vc_column_inner width=&#8221;1\/3&#8243;][vc_hoverbox image=&#8221;8881&#8243; primary_title=&#8221;Sertifikalar&#8221; primary_title_font_container=&#8221;color:%23ffffff&#8221; primary_title_google_fonts=&#8221;font_family:Lobster%3Aregular|font_style:400%20regular%3A400%3Anormal&#8221; hover_title=&#8221;Certifications&#8221; shape=&#8221;square&#8221; use_custom_fonts_primary_title=&#8221;true&#8221; primary_title_el_class=&#8221;tshadow&#8221;]We achieve the highest quality in the personal care, cosmetics and cleaning categories with over 2000 products that has GMP, ISO and IFS HPC certifications.[\/vc_hoverbox][\/vc_column_inner][\/vc_row_inner][\/vc_column][\/vc_row][vc_row css=&#8221;.vc_custom_1587103919488{background-image: url(https:\/\/diamocosmetic.com\/wp-content\/uploads\/2018\/05\/cots_anasayfa.jpeg?id=8239) !important;background-position: center !important;background-repeat: no-repeat !important;background-size: cover !important;}&#8221; el_class=&#8221;fullbanner layout1&#8243;][vc_column][vc_row_inner css=&#8221;.vc_custom_1525871311568{margin-right: 0px !important;margin-left: 0px !important;border-bottom-width: 1px !important;border-bottom-color: #e5e5e5 !important;border-bottom-style: solid !important;}&#8221; el_class=&#8221;bannerinner&#8221;][vc_column_inner width=&#8221;1\/6&#8243; offset=&#8221;vc_col-lg-6 vc_col-md-6&#8243;][\/vc_column_inner][vc_column_inner width=&#8221;5\/6&#8243; offset=&#8221;vc_col-lg-6 vc_col-md-6&#8243;][vc_column_text]\n<h4>KE\u015eFED\u0130N!<\/h4>\n<h2>COTS SER\u0130S\u0130<\/h2>\n<h3>PERFUM &amp; DEODORANT<\/h3>\n<p>KADIN &amp; ERKEK<br \/>\n<a href=\"https:\/\/diamocosmetic.com\/product-category\/personal-care\/cots-series\/cots-women-deodorants\/\">daha fazla&#8230;<\/a><\/p>\n[\/vc_column_text][\/vc_column_inner][\/vc_row_inner][\/vc_column][\/vc_row][vc_row equal_height=&#8221;yes&#8221; el_class=&#8221;full-width no-gap testimonial-newsletter&#8221;][vc_column width=&#8221;1\/2&#8243; css=&#8221;.vc_custom_1587103910606{background-image: url(https:\/\/diamocosmetic.com\/wp-content\/uploads\/2018\/02\/haberler-bg.jpg?id=7541) !important;background-position: center !important;background-repeat: no-repeat !important;background-size: cover !important;}&#8221; el_class=&#8221;testimonials-container style1&#8243;][\/vc_column][vc_column width=&#8221;1\/2&#8243; css=&#8221;.vc_custom_1523273805472{padding-top: 0px !important;padding-right: 0px !important;padding-bottom: 0px !important;padding-left: 0px !important;background-color: #000000 !important;background-position: center !important;background-repeat: no-repeat !important;background-size: cover !important;}&#8221; el_class=&#8221;newsletter-form style1&#8243;][vc_video link=&#8221;https:\/\/www.youtube.com\/watch?v=zVf_3ITPsvs&#8221; el_aspect=&#8221;43&#8243;][\/vc_column][\/vc_row][vc_row][vc_column][vc_row_inner css=&#8221;.vc_custom_1476330112251{margin-right: 0px !important;margin-bottom: 0px !important;margin-left: 0px !important;border-top-width: 1px !important;border-right-width: 1px !important;border-bottom-width: 1px !important;border-left-width: 1px !important;padding-top: 14px !important;padding-right: 0px !important;padding-bottom: 14px !important;padding-left: 0px !important;border-left-color: #e5e5e5 !important;border-left-style: solid !important;border-right-color: #e5e5e5 !important;border-right-style: solid !important;border-top-color: #e5e5e5 !important;border-top-style: solid !important;border-bottom-color: #e5e5e5 !important;border-bottom-style: solid !important;}&#8221;][vc_column_inner css=&#8221;.vc_custom_1476329794352{padding-right: 0px !important;padding-left: 0px !important;}&#8221;]<div class=\"brands-carousel\" data-col=\"6\"><div class=\"group\"><div><a href=\"http:\/\/diamocosmetic.com\/product-category\/house-cleaning-and-laundry\/air-freshener\/air-time\/300-ml-aerosol-room-spray\/\" title=\"Air Time\"><img decoding=\"async\" src=\"https:\/\/diamocosmetic.com\/wp-content\/uploads\/2018\/05\/Air-time.png\" alt=\"Air Time\" \/><\/a><\/div><\/div><div class=\"group\"><div><a href=\"http:\/\/diamocosmetic.com\/product-category\/house-cleaning-and-laundry\/laundry-cleaning-care\/liquids-laundry-detergent\/\" title=\"Clean Maid\"><img decoding=\"async\" src=\"https:\/\/diamocosmetic.com\/wp-content\/uploads\/2018\/05\/Clean-Maid-3.png\" alt=\"Clean Maid\" \/><\/a><\/div><\/div><div class=\"group\"><div><a href=\"http:\/\/diamocosmetic.com\/product-category\/house-cleaning-and-laundry\/air-freshener\/micasa\/\" title=\"Micasa\"><img decoding=\"async\" src=\"https:\/\/diamocosmetic.com\/wp-content\/uploads\/2018\/05\/Micasa.png\" alt=\"Micasa\" \/><\/a><\/div><\/div><div class=\"group\"><div><a href=\"https:\/\/www.beautyworldme.com\/frankfurt\/5\/for-visitors\/welcome.aspx\" title=\"Cots\"><img decoding=\"async\" src=\"https:\/\/diamocosmetic.com\/wp-content\/uploads\/2018\/05\/cots.png\" alt=\"Cots\" \/><\/a><\/div><\/div><div class=\"group\"><div><a href=\"http:\/\/diamocosmetic.com\/fine-fragrance-collections\/\" title=\"Quo\"><img decoding=\"async\" src=\"https:\/\/diamocosmetic.com\/wp-content\/uploads\/2018\/05\/quo.png\" alt=\"Quo\" \/><\/a><\/div><\/div><div class=\"group\"><div><a href=\"http:\/\/diamocosmetic.com\/product-category\/personal-care\/baby-care\/\" title=\"Pro Silk\"><img decoding=\"async\" src=\"https:\/\/diamocosmetic.com\/wp-content\/uploads\/2018\/05\/pro-silk-baby.png\" alt=\"Pro Silk\" \/><\/a><\/div><\/div><div class=\"group\"><div><a href=\"http:\/\/diamocosmetic.com\/product-category\/personal-care\/women-care\/women-deodorant\/\" title=\"Prosilk\"><img decoding=\"async\" src=\"https:\/\/diamocosmetic.com\/wp-content\/uploads\/2018\/05\/prosilk.png\" alt=\"Prosilk\" \/><\/a><\/div><\/div><div class=\"group\"><div><a href=\"http:\/\/diamocosmetic.com\/product-category\/personal-care\/mashq\/\" title=\"mashq\"><img decoding=\"async\" src=\"https:\/\/diamocosmetic.com\/wp-content\/uploads\/2019\/04\/mashq_logo.png\" alt=\"mashq\" \/><\/a><\/div><\/div><\/div>[\/vc_column_inner][\/vc_row_inner][\/vc_column][\/vc_row]\n<\/div>","protected":false},"excerpt":{"rendered":"<p>[vc_row el_class=&#8221;full-width&#8221; css=&#8221;.vc_custom_1477624933505{margin-bottom: 0px !important;}&#8221;][vc_column][rev_slider_vc alias=&#8221;homeslide-tr&#8221;][\/vc_column][\/vc_row][vc_row el_class=&#8221;layout5 textcenter&#8221; css=&#8221;.vc_custom_1519728981034{margin-bottom: 0px !important;background-position: center !important;background-repeat: no-repeat !important;background-size: cover !important;}&#8221;][vc_column width=&#8221;1\/4&#8243;][vc_column_text][vc_icon icon_fontawesome=&#8221;fa fa-codepen&#8221; color=&#8221;orange&#8221; size=&#8221;lg&#8221;<\/p>\n","protected":false},"author":1,"featured_media":0,"parent":0,"menu_order":0,"comment_status":"closed","ping_status":"closed","template":"page-templates\/front-page.php","meta":{"footnotes":""},"class_list":["post-8402","page","type-page","status-publish","hentry"],"_links":{"self":[{"href":"https:\/\/diamocosmetic.com\/tr\/wp-json\/wp\/v2\/pages\/8402","targetHints":{"allow":["GET"]}}],"collection":[{"href":"https:\/\/diamocosmetic.com\/tr\/wp-json\/wp\/v2\/pages"}],"about":[{"href":"https:\/\/diamocosmetic.com\/tr\/wp-json\/wp\/v2\/types\/page"}],"author":[{"embeddable":true,"href":"https:\/\/diamocosmetic.com\/tr\/wp-json\/wp\/v2\/users\/1"}],"replies":[{"embeddable":true,"href":"https:\/\/diamocosmetic.com\/tr\/wp-json\/wp\/v2\/comments?post=8402"}],"version-history":[{"count":9,"href":"https:\/\/diamocosmetic.com\/tr\/wp-json\/wp\/v2\/pages\/8402\/revisions"}],"predecessor-version":[{"id":9261,"href":"https:\/\/diamocosmetic.com\/tr\/wp-json\/wp\/v2\/pages\/8402\/revisions\/9261"}],"wp:attachment":[{"href":"https:\/\/diamocosmetic.com\/tr\/wp-json\/wp\/v2\/media?parent=8402"}],"curies":[{"name":"wp","href":"https:\/\/api.w.org\/{rel}","templated":true}]}}