{"id":8685,"date":"2018-05-08T13:04:45","date_gmt":"2018-05-08T13:04:45","guid":{"rendered":"https:\/\/diamocosmetic.com\/house-cleaning-and-laundry\/"},"modified":"2018-05-25T13:03:23","modified_gmt":"2018-05-25T13:03:23","slug":"ev-temizligi-ve-camasir-urunleri","status":"publish","type":"page","link":"https:\/\/diamocosmetic.com\/tr\/ev-temizligi-ve-camasir-urunleri\/","title":{"rendered":"Ev Temizli\u011fi ve \u00c7ama\u015f\u0131r \u00dcr\u00fcnleri"},"content":{"rendered":"<p><img loading=\"lazy\" decoding=\"async\" class=\"alignnone size-full wp-image-7808\" src=\"https:\/\/diamocosmetic.com\/wp-content\/uploads\/2018\/04\/household-1.jpg\" alt=\"\" width=\"1920\" height=\"764\" srcset=\"https:\/\/diamocosmetic.com\/wp-content\/uploads\/2018\/04\/household-1.jpg 1920w, https:\/\/diamocosmetic.com\/wp-content\/uploads\/2018\/04\/household-1-300x119.jpg 300w, https:\/\/diamocosmetic.com\/wp-content\/uploads\/2018\/04\/household-1-768x306.jpg 768w, https:\/\/diamocosmetic.com\/wp-content\/uploads\/2018\/04\/household-1-1024x407.jpg 1024w, https:\/\/diamocosmetic.com\/wp-content\/uploads\/2018\/04\/household-1-1170x466.jpg 1170w, https:\/\/diamocosmetic.com\/wp-content\/uploads\/2018\/04\/household-1-600x239.jpg 600w\" sizes=\"auto, (max-width: 1920px) 100vw, 1920px\" \/><\/p>\n","protected":false},"excerpt":{"rendered":"","protected":false},"author":1,"featured_media":0,"parent":0,"menu_order":0,"comment_status":"closed","ping_status":"closed","template":"","meta":{"footnotes":""},"class_list":["post-8685","page","type-page","status-publish","hentry"],"_links":{"self":[{"href":"https:\/\/diamocosmetic.com\/tr\/wp-json\/wp\/v2\/pages\/8685","targetHints":{"allow":["GET"]}}],"collection":[{"href":"https:\/\/diamocosmetic.com\/tr\/wp-json\/wp\/v2\/pages"}],"about":[{"href":"https:\/\/diamocosmetic.com\/tr\/wp-json\/wp\/v2\/types\/page"}],"author":[{"embeddable":true,"href":"https:\/\/diamocosmetic.com\/tr\/wp-json\/wp\/v2\/users\/1"}],"replies":[{"embeddable":true,"href":"https:\/\/diamocosmetic.com\/tr\/wp-json\/wp\/v2\/comments?post=8685"}],"version-history":[{"count":1,"href":"https:\/\/diamocosmetic.com\/tr\/wp-json\/wp\/v2\/pages\/8685\/revisions"}],"predecessor-version":[{"id":9039,"href":"https:\/\/diamocosmetic.com\/tr\/wp-json\/wp\/v2\/pages\/8685\/revisions\/9039"}],"wp:attachment":[{"href":"https:\/\/diamocosmetic.com\/tr\/wp-json\/wp\/v2\/media?parent=8685"}],"curies":[{"name":"wp","href":"https:\/\/api.w.org\/{rel}","templated":true}]}}