{"id":8721,"date":"2014-12-12T03:12:20","date_gmt":"2014-12-12T03:12:20","guid":{"rendered":"https:\/\/diamocosmetic.com\/corporate\/"},"modified":"2024-06-26T05:42:15","modified_gmt":"2024-06-26T05:42:15","slug":"corporate","status":"publish","type":"page","link":"https:\/\/diamocosmetic.com\/tr\/corporate\/","title":{"rendered":"KURUMSAL"},"content":{"rendered":"<div class=\"wpb-content-wrapper\">[vc_row css=&#8221;.vc_custom_1452072023829{margin-top: 0px !important;margin-right: 0px !important;margin-bottom: 0px !important;margin-left: 0px !important;background-position: center !important;background-repeat: no-repeat !important;background-size: cover !important;}&#8221; el_class=&#8221;content-about1 full-width&#8221;][vc_column width=&#8221;1\/2&#8243; el_class=&#8221;about-intro&#8221; css=&#8221;.vc_custom_1525271337501{margin-right: 0px !important;margin-left: 0px !important;padding-top: 10px !important;padding-bottom: 50px !important;}&#8221;][vc_column_text]\n<h2 style=\"text-align: left;\"><strong>D\u0130AMO\u00a0<\/strong><strong>KOZMET\u0130K<\/strong><\/h2>\n[\/vc_column_text][vc_separator color=&#8221;orange&#8221; align=&#8221;align_left&#8221; el_width=&#8221;20&#8243;][vc_column_text]<span style=\"color: #808080;\"><span style=\"font-weight: 400;\">M\u00fc\u015fterilerine\u00a0<\/span><b>\u00a0kaliteli ve iyi hizmeti ekonomik ve verimli \u015fartlarla sunmak \u00a0<\/b><span style=\"font-weight: 400;\">hedefiyle 2012 y\u0131l\u0131nda \u0130zmir&#8217;de kurulan\u00a0<\/span><b>Diamo Kozmetik,<\/b><span style=\"font-weight: 400;\">\u00a0\u00a0deneyimli ekibi ve geni\u015f \u00fcr\u00fcn \u00e7e\u015fitlili\u011fi ile k\u0131sa s\u00fcre i\u00e7inde Yurtd\u0131\u015f\u0131nda \u00f6nemli bir pazara ula\u015fm\u0131\u015ft\u0131r.\u00a0<\/span><\/span><\/p>\n<p><span style=\"font-weight: 400; color: #808080;\">\u0130zmir Torbal\u0131 b\u00f6lgesinde bulunan tesisimizde modern teknolojinin t\u00fcm\u00a0olanaklar\u0131n\u0131 kullanarak m\u00fc\u015fterilerimize hizmet vermekte, hedef ve\u00a0ilkelerimizden \u00f6d\u00fcn vermeden kuvvetli referanslar\u0131m\u0131zla h\u0131zl\u0131 ve kararl\u0131 \u015fekilde b\u00fcy\u00fcmekteyiz.<\/span><\/p>\n<p><span style=\"color: #808080;\"><span style=\"font-weight: 400;\">Diamo&#8217;nun ba\u015far\u0131 s\u0131rr\u0131 ise, \u015firketin<\/span><b>\u00a0yenilik\u00e7i ve ara\u015ft\u0131rmac\u0131\u00a0<\/b><span style=\"font-weight: 400;\">y\u00f6n\u00fc, sekt\u00f6rdeki geli\u015fmeleri yak\u0131ndan takip etmesi,<\/span><b>\u00a0g\u00fc\u00e7l\u00fc bir Ar-Ge ve Kalite Kontrol ekibi<\/b><span style=\"font-weight: 400;\">\u00a0ile\u00a0\u00a0hizmet ve \u00fcr\u00fcn kalitesini s\u00fcrekli k\u0131lmas\u0131d\u0131r.<\/span><\/span><\/p>\n<p><span style=\"font-weight: 400; color: #808080;\">\u00a0Diamo Kozmetik bug\u00fcn sekt\u00f6rde yer alan bir\u00e7ok\u00a0\u00fcr\u00fcn\u00fcn tasar\u0131m\u0131n\u0131 \u00a0ve y\u00f6netimini yaparak \u00fcr\u00fcnlerini 50 den fazla \u00fclkeye ihra\u00e7\u00a0etmektedir.<\/span>[\/vc_column_text][\/vc_column][vc_column width=&#8221;1\/2&#8243; css=&#8221;.vc_custom_1452074490113{margin-bottom: 0px !important;padding-right: 0px !important;padding-left: 0px !important;}&#8221;][vc_single_image image=&#8221;8773&#8243; img_size=&#8221;full&#8221; alignment=&#8221;center&#8221; css=&#8221;.vc_custom_1521620370480{margin-top: 0px !important;margin-right: 0px !important;margin-bottom: 0px !important;margin-left: 0px !important;padding-right: 0px !important;padding-left: 0px !important;}&#8221;][\/vc_column][\/vc_row]\n<\/div>","protected":false},"excerpt":{"rendered":"<p>[vc_row css=&#8221;.vc_custom_1452072023829{margin-top: 0px !important;margin-right: 0px !important;margin-bottom: 0px !important;margin-left: 0px !important;background-position: center !important;background-repeat: no-repeat !important;background-size: cover !important;}&#8221; el_class=&#8221;content-about1 full-width&#8221;][vc_column width=&#8221;1\/2&#8243; el_class=&#8221;about-intro&#8221; css=&#8221;.vc_custom_1525271337501{margin-right: 0px<\/p>\n","protected":false},"author":1,"featured_media":0,"parent":0,"menu_order":0,"comment_status":"closed","ping_status":"closed","template":"","meta":{"footnotes":""},"class_list":["post-8721","page","type-page","status-publish","hentry"],"_links":{"self":[{"href":"https:\/\/diamocosmetic.com\/tr\/wp-json\/wp\/v2\/pages\/8721","targetHints":{"allow":["GET"]}}],"collection":[{"href":"https:\/\/diamocosmetic.com\/tr\/wp-json\/wp\/v2\/pages"}],"about":[{"href":"https:\/\/diamocosmetic.com\/tr\/wp-json\/wp\/v2\/types\/page"}],"author":[{"embeddable":true,"href":"https:\/\/diamocosmetic.com\/tr\/wp-json\/wp\/v2\/users\/1"}],"replies":[{"embeddable":true,"href":"https:\/\/diamocosmetic.com\/tr\/wp-json\/wp\/v2\/comments?post=8721"}],"version-history":[{"count":3,"href":"https:\/\/diamocosmetic.com\/tr\/wp-json\/wp\/v2\/pages\/8721\/revisions"}],"predecessor-version":[{"id":9335,"href":"https:\/\/diamocosmetic.com\/tr\/wp-json\/wp\/v2\/pages\/8721\/revisions\/9335"}],"wp:attachment":[{"href":"https:\/\/diamocosmetic.com\/tr\/wp-json\/wp\/v2\/media?parent=8721"}],"curies":[{"name":"wp","href":"https:\/\/api.w.org\/{rel}","templated":true}]}}