{"id":8724,"date":"2014-08-28T08:48:27","date_gmt":"2014-08-28T08:48:27","guid":{"rendered":"https:\/\/diamocosmetic.com\/contact\/"},"modified":"2024-06-26T06:21:23","modified_gmt":"2024-06-26T06:21:23","slug":"iletisim","status":"publish","type":"page","link":"https:\/\/diamocosmetic.com\/tr\/iletisim\/","title":{"rendered":"\u0130leti\u015fim"},"content":{"rendered":"<div class=\"wpb-content-wrapper\">[vc_row][vc_column width=&#8221;1\/2&#8243; el_class=&#8221;contact-infor&#8221; css=&#8221;.vc_custom_1523274695157{padding-top: 100px !important;}&#8221;][vc_column_text]\n<h3>\u0130LET\u0130\u015e\u0130M B\u0130LG\u0130LER\u0130<\/h3>\n[\/vc_column_text][vc_column_text el_class=&#8221;address&#8221; css=&#8221;.vc_custom_1719329305143{margin-bottom: 15px !important;}&#8221;]\n<ul>\n<li><span style=\"color: #333333;\"><i class=\"fa fa-fax\">\u00a0<\/i> Address : Kaz\u0131m Karabekir Mah. 6913\/2 Sk. No: 5 TORBALI\/ IZMIR<\/span><\/li>\n<li><i class=\"fa fa-phone\">\u00a0<\/i> <a href=\"mailto:diamo@diamocosmetic.com\">diamo@diamocosmetic.com<\/a><\/li>\n<li><i class=\"fa fa-envelope-o\">\u00a0<\/i> <a href=\"tel:+902328539292\">+90 232 853 92 92<\/a><\/li>\n<\/ul>\n[\/vc_column_text][vc_gmaps link=&#8221;#E-8_JTNDaWZyYW1lJTIwc3JjJTNEJTIyaHR0cHMlM0ElMkYlMkZ3d3cuZ29vZ2xlLmNvbSUyRm1hcHMlMkZlbWJlZCUzRnBiJTNEJTIxMW0xOCUyMTFtMTIlMjExbTMlMjExZDMxMzQuNjc4MTQ0Mjc5OTY4JTIxMmQyNy4zMTI4NjMyNzcxMDA5MDYlMjEzZDM4LjIxNzM2ODQ3MTg3NzE2NSUyMTJtMyUyMTFmMCUyMTJmMCUyMTNmMCUyMTNtMiUyMTFpMTAyNCUyMTJpNzY4JTIxNGYxMy4xJTIxM20zJTIxMW0yJTIxMXMweDE0Yjk1ZGJhOGU1MDQyMDElMjUzQTB4YjllYjFlNWY0Yzg4ZDAzYiUyMTJ6UkdsaGJXOGdTMjk2YldWMGFXc2dVOFN4ZHNTeElNU3d4WjlzWlhSdFpYTnAlMjE1ZTAlMjEzbTIlMjExc3RyJTIxMnN0ciUyMTR2MTcxOTM4Mjg3MTMyNCUyMTVtMiUyMTFzdHIlMjEyc3RyJTIyJTIwd2lkdGglM0QlMjI2MDAlMjIlMjBoZWlnaHQlM0QlMjI0NTAlMjIlMjBzdHlsZSUzRCUyMmJvcmRlciUzQTAlM0IlMjIlMjBhbGxvd2Z1bGxzY3JlZW4lM0QlMjIlMjIlMjBsb2FkaW5nJTNEJTIybGF6eSUyMiUyMHJlZmVycmVycG9saWN5JTNEJTIybm8tcmVmZXJyZXItd2hlbi1kb3duZ3JhZGUlMjIlM0UlM0MlMkZpZnJhbWUlM0U=&#8221;][\/vc_column][vc_column width=&#8221;1\/2&#8243; el_class=&#8221;contact-form&#8221; css=&#8221;.vc_custom_1452052994146{padding-top: 100px !important;padding-right: 60px !important;padding-bottom: 20px !important;padding-left: 100px !important;}&#8221;][vc_column_text]\n<h3>B\u0130ZE ULA\u015eIN<\/h3>\n[\/vc_column_text]\n<div class=\"wpcf7 no-js\" id=\"wpcf7-f4-o1\" lang=\"tr-TR\" dir=\"ltr\" data-wpcf7-id=\"4\">\n<div class=\"screen-reader-response\"><p role=\"status\" aria-live=\"polite\" aria-atomic=\"true\"><\/p> <ul><\/ul><\/div>\n<form action=\"\/tr\/wp-json\/wp\/v2\/pages\/8724#wpcf7-f4-o1\" method=\"post\" class=\"wpcf7-form init\" aria-label=\"\u0130leti\u015fim Formu\" novalidate=\"novalidate\" data-status=\"init\">\n<fieldset class=\"hidden-fields-container\"><input type=\"hidden\" name=\"_wpcf7\" value=\"4\" \/><input type=\"hidden\" name=\"_wpcf7_version\" value=\"6.1.5\" \/><input type=\"hidden\" name=\"_wpcf7_locale\" value=\"tr_TR\" \/><input type=\"hidden\" name=\"_wpcf7_unit_tag\" value=\"wpcf7-f4-o1\" \/><input type=\"hidden\" name=\"_wpcf7_container_post\" value=\"0\" \/><input type=\"hidden\" name=\"_wpcf7_posted_data_hash\" value=\"\" \/>\n<\/fieldset>\n<p><label> Your Name (required)<br \/>\n<span class=\"wpcf7-form-control-wrap\" data-name=\"your-name\"><input size=\"40\" maxlength=\"400\" class=\"wpcf7-form-control wpcf7-text wpcf7-validates-as-required\" aria-required=\"true\" aria-invalid=\"false\" value=\"\" type=\"text\" name=\"your-name\" \/><\/span> <\/label>\n<\/p>\n<p><label> Your Email (required)<br \/>\n<span class=\"wpcf7-form-control-wrap\" data-name=\"your-email\"><input size=\"40\" maxlength=\"400\" class=\"wpcf7-form-control wpcf7-email wpcf7-validates-as-required wpcf7-text wpcf7-validates-as-email\" aria-required=\"true\" aria-invalid=\"false\" value=\"\" type=\"email\" name=\"your-email\" \/><\/span> <\/label>\n<\/p>\n<p><label> Subject<br \/>\n<span class=\"wpcf7-form-control-wrap\" data-name=\"your-subject\"><input size=\"40\" maxlength=\"400\" class=\"wpcf7-form-control wpcf7-text\" aria-invalid=\"false\" value=\"\" type=\"text\" name=\"your-subject\" \/><\/span> <\/label>\n<\/p>\n<p><label> Your Message<br \/>\n<span class=\"wpcf7-form-control-wrap\" data-name=\"your-message\"><textarea cols=\"40\" rows=\"10\" maxlength=\"2000\" class=\"wpcf7-form-control wpcf7-textarea\" aria-invalid=\"false\" name=\"your-message\"><\/textarea><\/span> <\/label>\n<\/p>\n<p><span class=\"wpcf7-form-control-wrap\" data-name=\"acceptance-515\"><span class=\"wpcf7-form-control wpcf7-acceptance\"><span class=\"wpcf7-list-item\"><label><input type=\"checkbox\" name=\"acceptance-515\" value=\"1\" aria-invalid=\"false\" \/><span class=\"wpcf7-list-item-label\">Okudum. Anlad\u0131m<\/span><\/label><\/span><\/span><\/span><br \/>\n<small>Bu formun onaylanmas\u0131 ile Elektronik Ticaretin D\u00fczenlenmesi hakk\u0131nda ilgili mevzuat kapsam\u0131nda D\u0130AMO KOZMET\u0130K SANAY\u0130 VE T\u0130CARET ANON\u0130M \u015e\u0130RKET\u0130 (\u201cVeri Sorumlusu\u201d) taraf\u0131ndan veya bir arac\u0131 firma vas\u0131tas\u0131yla veri sorumlusu taraf\u0131ndan sunulan \u00fcr\u00fcnlere, hizmetlere, kampanyalara ve m\u00fc\u015fteri ili\u015fkilerine ili\u015fkin telefon, \u00e7a\u011fr\u0131 merkezleri, faks, otomatik arama makineleri, ak\u0131ll\u0131 ses kaydedici sistemler, elektronik posta, k\u0131sa mesaj hizmeti gibi vas\u0131talar kullan\u0131larak elektronik ortamda ger\u00e7ekle\u015ftirilen ve ticari ama\u00e7larla g\u00f6nderilen veri, ses ve g\u00f6r\u00fcnt\u00fc i\u00e7erikli her t\u00fcrl\u00fc ticari elektronik ileti ile yap\u0131lacak t\u00fcm tan\u0131t\u0131m, kampanya ve bilgilendirme mesaj\u0131 g\u00f6nderimini kabul etmektesiniz. Veri Sorumlusu taraf\u0131ndan g\u00f6nderilen iletilerde belirtilen y\u00f6ntemlerle g\u00f6nderim listesinden kolayca ve \u00fccretsiz olarak \u00e7\u0131kabilir, ticari elektronik iletilerin taraf\u0131n\u0131za g\u00f6nderilmesini engelleyebilirsiniz.<\/small>\n<\/p>\n<p><input class=\"wpcf7-form-control wpcf7-submit has-spinner\" type=\"submit\" value=\"Send\" \/>\n<\/p><p style=\"display: none !important;\" class=\"akismet-fields-container\" data-prefix=\"_wpcf7_ak_\"><label>&#916;<textarea name=\"_wpcf7_ak_hp_textarea\" cols=\"45\" rows=\"8\" maxlength=\"100\"><\/textarea><\/label><input type=\"hidden\" id=\"ak_js_1\" name=\"_wpcf7_ak_js\" value=\"109\"\/><script>document.getElementById( \"ak_js_1\" ).setAttribute( \"value\", ( new Date() ).getTime() );<\/script><\/p><div class=\"wpcf7-response-output\" aria-hidden=\"true\"><\/div>\n<\/form>\n<\/div>\n[\/vc_column][\/vc_row]\n<\/div>","protected":false},"excerpt":{"rendered":"<p>[vc_row][vc_column width=&#8221;1\/2&#8243; el_class=&#8221;contact-infor&#8221; css=&#8221;.vc_custom_1523274695157{padding-top: 100px !important;}&#8221;][vc_column_text] \u0130LET\u0130\u015e\u0130M B\u0130LG\u0130LER\u0130 [\/vc_column_text][vc_column_text el_class=&#8221;address&#8221; css=&#8221;.vc_custom_1719329305143{margin-bottom: 15px !important;}&#8221;] \u00a0 Address : Kaz\u0131m Karabekir Mah. 6913\/2 Sk. No:<\/p>\n","protected":false},"author":1,"featured_media":0,"parent":0,"menu_order":0,"comment_status":"closed","ping_status":"open","template":"page-templates\/contact-page.php","meta":{"footnotes":""},"class_list":["post-8724","page","type-page","status-publish","hentry"],"_links":{"self":[{"href":"https:\/\/diamocosmetic.com\/tr\/wp-json\/wp\/v2\/pages\/8724","targetHints":{"allow":["GET"]}}],"collection":[{"href":"https:\/\/diamocosmetic.com\/tr\/wp-json\/wp\/v2\/pages"}],"about":[{"href":"https:\/\/diamocosmetic.com\/tr\/wp-json\/wp\/v2\/types\/page"}],"author":[{"embeddable":true,"href":"https:\/\/diamocosmetic.com\/tr\/wp-json\/wp\/v2\/users\/1"}],"replies":[{"embeddable":true,"href":"https:\/\/diamocosmetic.com\/tr\/wp-json\/wp\/v2\/comments?post=8724"}],"version-history":[{"count":4,"href":"https:\/\/diamocosmetic.com\/tr\/wp-json\/wp\/v2\/pages\/8724\/revisions"}],"predecessor-version":[{"id":9369,"href":"https:\/\/diamocosmetic.com\/tr\/wp-json\/wp\/v2\/pages\/8724\/revisions\/9369"}],"wp:attachment":[{"href":"https:\/\/diamocosmetic.com\/tr\/wp-json\/wp\/v2\/media?parent=8724"}],"curies":[{"name":"wp","href":"https:\/\/api.w.org\/{rel}","templated":true}]}}