{"id":9053,"date":"2018-06-28T08:15:15","date_gmt":"2018-06-28T08:15:15","guid":{"rendered":"https:\/\/diamocosmetic.com\/?page_id=9053"},"modified":"2018-06-28T08:15:15","modified_gmt":"2018-06-28T08:15:15","slug":"tesekkurler","status":"publish","type":"page","link":"https:\/\/diamocosmetic.com\/tr\/tesekkurler\/","title":{"rendered":"Te\u015fekk\u00fcrler"},"content":{"rendered":"<div class=\"wpb-content-wrapper\">[vc_row full_width=&#8221;stretch_row&#8221; equal_height=&#8221;yes&#8221; content_placement=&#8221;middle&#8221; css=&#8221;.vc_custom_1525072350375{margin-top: 0px !important;margin-right: 0px !important;margin-bottom: 0px !important;margin-left: 0px !important;background-position: center !important;background-repeat: no-repeat !important;background-size: cover !important;}&#8221; el_class=&#8221;content-about1 full-width&#8221;][vc_column el_class=&#8221;about-intro&#8221;][vc_column_text]\n<h3 style=\"text-align: center;\">Bizimle ileti\u015fim kurdu\u011funuz i\u00e7in te\u015fekk\u00fcr ederiz!<\/h3>\n[\/vc_column_text][\/vc_column][\/vc_row]\n<\/div>","protected":false},"excerpt":{"rendered":"<p>[vc_row full_width=&#8221;stretch_row&#8221; equal_height=&#8221;yes&#8221; content_placement=&#8221;middle&#8221; css=&#8221;.vc_custom_1525072350375{margin-top: 0px !important;margin-right: 0px !important;margin-bottom: 0px !important;margin-left: 0px !important;background-position: center !important;background-repeat: no-repeat !important;background-size: cover !important;}&#8221; el_class=&#8221;content-about1 full-width&#8221;][vc_column el_class=&#8221;about-intro&#8221;][vc_column_text]<\/p>\n","protected":false},"author":1,"featured_media":0,"parent":0,"menu_order":0,"comment_status":"closed","ping_status":"closed","template":"page-templates\/fullwidth.php","meta":{"footnotes":""},"class_list":["post-9053","page","type-page","status-publish","hentry"],"_links":{"self":[{"href":"https:\/\/diamocosmetic.com\/tr\/wp-json\/wp\/v2\/pages\/9053","targetHints":{"allow":["GET"]}}],"collection":[{"href":"https:\/\/diamocosmetic.com\/tr\/wp-json\/wp\/v2\/pages"}],"about":[{"href":"https:\/\/diamocosmetic.com\/tr\/wp-json\/wp\/v2\/types\/page"}],"author":[{"embeddable":true,"href":"https:\/\/diamocosmetic.com\/tr\/wp-json\/wp\/v2\/users\/1"}],"replies":[{"embeddable":true,"href":"https:\/\/diamocosmetic.com\/tr\/wp-json\/wp\/v2\/comments?post=9053"}],"version-history":[{"count":1,"href":"https:\/\/diamocosmetic.com\/tr\/wp-json\/wp\/v2\/pages\/9053\/revisions"}],"predecessor-version":[{"id":9055,"href":"https:\/\/diamocosmetic.com\/tr\/wp-json\/wp\/v2\/pages\/9053\/revisions\/9055"}],"wp:attachment":[{"href":"https:\/\/diamocosmetic.com\/tr\/wp-json\/wp\/v2\/media?parent=9053"}],"curies":[{"name":"wp","href":"https:\/\/api.w.org\/{rel}","templated":true}]}}