{"id":9298,"date":"2022-01-18T12:19:25","date_gmt":"2022-01-18T12:19:25","guid":{"rendered":"https:\/\/diamocosmetic.com\/?page_id=9298"},"modified":"2022-01-18T12:32:48","modified_gmt":"2022-01-18T12:32:48","slug":"cerez-politikasi","status":"publish","type":"page","link":"https:\/\/diamocosmetic.com\/tr\/cerez-politikasi\/","title":{"rendered":"\u00c7erez Politikas\u0131"},"content":{"rendered":"<p style=\"text-align: center;\"><strong>D\u0130AMO KOZMET\u0130K SANAY\u0130 VE T\u0130CARET ANON\u0130M \u015e\u0130RKET\u0130<\/strong><\/p>\n<p style=\"text-align: center;\">www.diamocosmetic.com<\/p>\n<h2 style=\"text-align: center;\">\u00c7EREZ POL\u0130T\u0130KASI<\/h2>\n<p>\u0130\u015f bu \u00e7erez politikam\u0131z, gizlilik, ki\u015fisel verilerin korunmas\u0131 ve i\u015flenmesi politikalar\u0131n\u0131n bir par\u00e7as\u0131 olarak \u00e7erezlerin kullan\u0131m\u0131 ve bunlara ili\u015fkin yapabilece\u011finiz se\u00e7imler hakk\u0131nda bilgi sa\u011flamak amac\u0131yla olu\u015fturulmu\u015ftur.<\/p>\n<p>D\u0130AMO KOZMET\u0130K SANAY\u0130 VE T\u0130CARET ANON\u0130M \u015e\u0130RKET\u0130 (bundan sonra \u201cVeri Sorumlusu\u201d olarak an\u0131lacakt\u0131r) taraf\u0131ndan i\u015fletilmekte olan www.diamocosmetic.com internet sitesi ve uygulamalar\u0131 ile bu sitelerle s\u0131n\u0131rl\u0131 olmayan sahibi oldu\u011fu di\u011fer internet sitelerinde (bundan sonra \u201cSite\u201d olarak an\u0131lacakt\u0131r) reklamlar\u0131 ki\u015fiselle\u015ftirmek, sosyal medya \u00f6zellikleri sa\u011flamak, trafi\u011fi analiz edebilmek ve internet sitelerimizi nas\u0131l kulland\u0131\u011f\u0131n\u0131z\u0131 anlayabilmek i\u00e7in \u00e7erez\/\u00e7erezler kullan\u0131yor olabiliriz.<\/p>\n<p>Sitelerde bulundu\u011funuz s\u00fcre boyunca \u201ccookie\u201d olarak da adland\u0131r\u0131lan \u00e7erezlerin ve buna benzer unsurlar\u0131n taray\u0131c\u0131n\u0131za yerle\u015ftirilmesi s\u00f6z konusu olabilir. \u00c7erez ayarlar\u0131n\u0131z\u0131 de\u011fi\u015ftirmeden Site \u00fcr\u00fcnlerini kullanmaya devam edebilirsiniz.<\/p>\n<p><strong>\u00c7erez nedir? <\/strong><\/p>\n<p>\u00c7erezler, ziyaret etti\u011finiz internet siteleri taraf\u0131ndan taray\u0131c\u0131n\u0131za yerle\u015ftirilen basit metin dosyalar\u0131ndan ibaret olup; kimlik ve ba\u015fka \u00f6zel bilgiler i\u00e7ermez. \u00c7erezler, bu t\u00fcr ki\u015fisel bilgiler i\u00e7ermemekle beraber, oturum bilgileri ve benzeri veriler anonim olarak saklanarak sizi tekrar tan\u0131mak ve benzeri hizmetler i\u00e7in kullan\u0131labilir.<\/p>\n<p><strong>Hangi T\u00fcr \u00c7erezleri Kullan\u0131yoruz? <\/strong><\/p>\n<p>Veri Sorumlusu \u201coturum \u00e7erezleri\u201d ve \u201ckal\u0131c\u0131 \u00e7erezler\u201d olarak iki t\u00fcr \u00e7erez kullanmaktad\u0131r. Oturum \u00e7erezleri, sitede dola\u015f\u0131rken ge\u00e7ici haf\u0131zada yer alan ancak internet taray\u0131c\u0131n\u0131z\u0131 kapatt\u0131\u011f\u0131n\u0131zda silinen t\u00fcr \u00e7erezlerdir. Kal\u0131c\u0131 \u00e7erezler ise belli bir tarihle ya da s\u00fcreyle s\u0131n\u0131rlanm\u0131\u015f olan bu tarih ya da s\u00fcre sonunda kendili\u011finden silinen veya taraf\u0131n\u0131zdan silinene kadar sabit diskinizde kalan \u00e7erezlerdir.<\/p>\n<ol start=\"3\">\n<li><strong> \u015eah\u0131slar hangi t\u00fcr \u00e7erezleri kullan\u0131l\u0131yor? <\/strong><\/li>\n<\/ol>\n<p>Veri Sorumlusu \u00e7erezlerine ek olarak 3. \u015fah\u0131s (\u201c3. parti\u201d olarak da an\u0131lacakt\u0131r) tedarik\u00e7i ve reklam a\u011flar\u0131, sosyal medya platformlar\u0131 ile di\u011fer i\u015f ortaklar\u0131m\u0131z, sizin Site\u2019yi ve di\u011fer internet sitelerini \u00f6nceki ziyaretlerinize dayal\u0131 olarak reklam sunmak da dahil olmak \u00fczere size daha iyi ve daha ki\u015fiselle\u015ftirilmi\u015f hizmet sa\u011flanmas\u0131 amac\u0131yla taray\u0131c\u0131n\u0131za \u00e7erez yerle\u015ftirebilirler. Bu 3. \u015fah\u0131slar ve kulland\u0131klar\u0131 \u00e7erezlere ili\u015fkin bilgiler a\u015fa\u011f\u0131da verilmi\u015ftir.<\/p>\n<ul>\n<li>Google Analytics<\/li>\n<\/ul>\n<p>Kal\u0131c\u0131, oturum ve 3. parti \u00e7erez t\u00fcrlerinin kullan\u0131lmas\u0131 arac\u0131l\u0131\u011f\u0131yla site trafi\u011fi izlenerek ve raporlanarak kullan\u0131c\u0131 deneyiminin daha iyi analiz edilmesi sa\u011flan\u0131r.<\/p>\n<p>Daha fazla bilgi i\u00e7in: http:\/\/www.google.com\/policies\/privacy\/<\/p>\n<p>Bu \u00e7erezlerden vazge\u00e7mek i\u00e7in: https:\/\/tools.google.com\/dlpage\/gaoptout<\/p>\n<ul>\n<li>Doubleclick<\/li>\n<\/ul>\n<p>Kal\u0131c\u0131, oturum ve 3. parti \u00e7erez t\u00fcrleri kullan\u0131larak \u00e7evrimi\u00e7i deneyiminizi iyile\u015ftirmek i\u00e7in internet \u00fczerinde ge\u00e7irdi\u011finiz zaman ve al\u0131\u015fkanl\u0131klar\u0131n\u0131z analiz edilerek reklamlar\u0131n ilgi alanlar\u0131n\u0131za g\u00f6re g\u00f6sterilmesi sa\u011flan\u0131r.<\/p>\n<p>Daha fazla bilgi i\u00e7in: http:\/\/www.google.com\/policies\/privacy\/<\/p>\n<p>Bu \u00e7erezlerden vazge\u00e7mek i\u00e7in: https:\/\/www.google.com\/\u2026tings\/u\/0\/ads\/authenticated<\/p>\n<ul>\n<li>Facebook<\/li>\n<\/ul>\n<ol start=\"3\">\n<li>parti \u00e7erez t\u00fcr\u00fc kullan\u0131larak Site\u2019yi ve izin verilen i\u00e7eriklerini payla\u015fman\u0131z ve facebook\u2019a daha kolay eri\u015fmeniz sa\u011flan\u0131r.Daha fazla bilgi i\u00e7in: https:\/\/www.facebook.com\/policies\/cookies\/<\/li>\n<\/ol>\n<ul>\n<li>Twitter<\/li>\n<\/ul>\n<ol start=\"3\">\n<li>parti \u00e7erez t\u00fcr\u00fc kullan\u0131larak siteyi ve izin verilen i\u00e7eriklerini payla\u015fman\u0131z ve twitter\u2019a daha kolay eri\u015fmeniz sa\u011flan\u0131r.Daha fazla bilgi i\u00e7in: https:\/\/support.twitter.com\/\u2026icles\/20170528?lang=tr<\/li>\n<\/ol>\n<ul>\n<li>Linkedin<\/li>\n<\/ul>\n<ol start=\"3\">\n<li>parti \u00e7erez t\u00fcr\u00fc kullan\u0131larak siteyi ve izin verilen i\u00e7eriklerini payla\u015fman\u0131z ve linkedin\u2019e daha kolay eri\u015fmeniz sa\u011flan\u0131r.Daha fazla bilgi i\u00e7in: https:\/\/www.linkedin.com\/help\/linkedin\/suggested\/5568\/onbelleginizi-ve-cerezleri-temizleme?lang=tr<\/li>\n<\/ol>\n<ul>\n<li>Di\u011fer Reklam Platformlar\u0131<\/li>\n<\/ul>\n<p>Kal\u0131c\u0131, oturum ve 3. parti \u00e7erez t\u00fcrleri kullan\u0131larak \u00e7evrimi\u00e7i deneyiminizi iyile\u015ftirmek i\u00e7in internet \u00fczerinde ge\u00e7irdi\u011finiz zaman ve al\u0131\u015fkanl\u0131klar\u0131n\u0131z analiz ederek reklamlar\u0131n ilgi alanlar\u0131n\u0131za g\u00f6re g\u00f6sterilmesi sa\u011flan\u0131r.<\/p>\n<p>(Yukar\u0131da verilen 3. \u015fah\u0131slara ait linkler arac\u0131l\u0131\u011f\u0131yla ula\u015faca\u011f\u0131n\u0131z i\u00e7eriklerin g\u00fcvenilirli\u011fine ili\u015fkin Veri Sorumlusununhukuki olarak sorumlulu\u011fu bulunmamaktad\u0131r.)<\/p>\n<p>&nbsp;<\/p>\n<p>&nbsp;<\/p>\n<p>&nbsp;<\/p>\n<p><strong>\u00c7erezler hangi ama\u00e7larla kullan\u0131l\u0131yor? <\/strong><\/p>\n<p>\u00c7erezler, genel olarak size daha iyi ve daha ki\u015fiselle\u015ftirilmi\u015f hizmet sa\u011flamak ve Site\u2019yi geli\u015ftirmemize yard\u0131mc\u0131 olmas\u0131 amac\u0131yla kullan\u0131l\u0131yor olup; bu \u00e7erezler sayesinde a\u015fa\u011f\u0131daki hedefler ger\u00e7ekle\u015ftirilebilmektedir.<\/p>\n<ul>\n<li>Site\u2019ye giri\u015f yapt\u0131ktan sonra sizi tan\u0131mak<\/li>\n<li>Reklamlar i\u00e7in hedeflenen kitleye eri\u015filerek sizin kendi ilgi alanlar\u0131n\u0131za uygun reklamlar g\u00f6rmenizi sa\u011flamak<\/li>\n<li>\u0130\u00e7erik ve reklamlar\u0131 ki\u015fiselle\u015ftirmek,<\/li>\n<li>Sosyal medya \u00f6zellikleri sa\u011flamak<\/li>\n<li>Site\u2019nin alan ad\u0131 alt\u0131ndaki platformlarda trafi\u011fini analiz etmek<\/li>\n<li>Site\u2019nin alan ad\u0131 alt\u0131ndaki platformlar\u0131 nas\u0131l kulland\u0131\u011f\u0131n\u0131z\u0131 anlamak<\/li>\n<\/ul>\n<p><strong>\u00c7erezleri nas\u0131l y\u00f6netebilir veya silebilirsiniz? <\/strong><\/p>\n<p>\u00c7erezleri, taray\u0131c\u0131n\u0131z buna imkan sunuyorsa taray\u0131c\u0131 ayarlar\u0131n\u0131 d\u00fczenleyerek y\u00f6netebilirsiniz. Bu \u015fekilde t\u00fcm \u00e7erezleri reddedebilir, sabit diskinize bir \u00e7erez kaydedilmeden \u00f6nce uyar\u0131labilir, sadece belirledi\u011finiz internet sitelerinin \u00e7erezlerini kabul edebilir, \u00f6nceden kabul etti\u011finiz \u00e7erezleri devre d\u0131\u015f\u0131 b\u0131rakabilir ya da silebilirsiniz.<\/p>\n<p>Site alan ad\u0131 alt\u0131ndaki platformlarda yer alan 3. \u015fah\u0131slar\u0131n \u00e7erezlerinden e\u011fer imk\u00e2n sunuyorlarsa ilgili 3. \u015fahs\u0131n internet sitesini ziyaret ederek vazge\u00e7ebilirsiniz. Ancak buna ili\u015fkin Veri Sorumlusu bir g\u00fcvence sa\u011flamamaktad\u0131r.<\/p>\n<p>Site\u2019nin alan ad\u0131 alt\u0131ndaki platformlarda yer alan \u00e7erezleri reddetmeniz durumunda Site\u2019de yer alan \u00f6zellik ve fonksiyonlar\u0131n bir k\u0131sm\u0131n\u0131 kullanamayabilirsiniz. Farkl\u0131 taray\u0131c\u0131lardan ve\/veya cihazlardan eri\u015fiyorsan\u0131z, bu taray\u0131c\u0131 ve cihazlar\u0131n her birinin \u00e7erez ayarlar\u0131n\u0131n se\u00e7iminize uygunlu\u011funu kontrol etmelisiniz.<\/p>\n<p>\u00c7erez politikam\u0131z, ileride yasal ko\u015fularda olacak de\u011fi\u015fiklik veya yeni \u00e7erez uygulamalar\u0131m\u0131z nedeni ile g\u00fcncellenebilir. Bu nedenle i\u015f bu politikay\u0131 belirli aral\u0131klarla tekrar g\u00f6zden ge\u00e7irmenizi \u00f6neriyoruz<\/p>\n<p>\u00c7erez politikam\u0131z 08.09.2021 tarihinde d\u00fczenlenmi\u015f ve g\u00fcncellenmi\u015ftir.<\/p>\n<h3>\u00c7EREZLER<\/h3>\n<table width=\"100%\">\n<tbody>\n<tr>\n<td><strong>\u00c7erez T\u00fcr\u00fc <\/strong><\/td>\n<td><strong>A\u00e7\u0131klama <\/strong><\/td>\n<td><strong>\u00c7erezlerin Kontrol\u00fc <\/strong><\/td>\n<\/tr>\n<tr>\n<td width=\"20%\">Oturum<\/td>\n<td width=\"40%\">Oturum \u00e7erezleri oturumun s\u00fcreklili\u011finin sa\u011flanmas\u0131 amac\u0131yla kullan\u0131l\u0131r.<\/td>\n<td width=\"40%\">Taray\u0131c\u0131 ayarlar\u0131 arac\u0131\u011f\u0131yla kabul\/ret<\/td>\n<\/tr>\n<tr>\n<td width=\"20%\">Y\u00fck Dengeleme<\/td>\n<td width=\"40%\">Y\u00fck dengeleme \u00e7erezleri, y\u00fck\u00fc da\u011f\u0131tarak sunucu y\u00fck\u00fcn\u00fc azaltmak i\u00e7in kullan\u0131l\u0131r.<\/td>\n<td width=\"40%\">Taray\u0131c\u0131 ayarlar\u0131 arac\u0131\u011f\u0131yla kabul\/ret<\/td>\n<\/tr>\n<tr>\n<td width=\"20%\">Kullan\u0131c\u0131 Kimli\u011fi<\/td>\n<td width=\"40%\">Kullan\u0131c\u0131 kimli\u011fi \u00e7erezler, kullan\u0131c\u0131lar\u0131n yaln\u0131zca kendi bilgilerini g\u00f6rmeleri i\u00e7in kullan\u0131l\u0131r.<\/td>\n<td width=\"40%\">Taray\u0131c\u0131 ayarlar\u0131 arac\u0131\u011f\u0131yla kabul\/ret<\/td>\n<\/tr>\n<tr>\n<td width=\"20%\">G\u00fcvenlik<\/td>\n<td width=\"40%\">G\u00fcvenlik \u00e7erezler, g\u00fcvenlik kontrolleri i\u00e7in kullan\u0131l\u0131r.<\/td>\n<td width=\"40%\">Taray\u0131c\u0131 ayarlar\u0131 arac\u0131\u011f\u0131yla kabul\/ret<\/td>\n<\/tr>\n<\/tbody>\n<\/table>\n<p><strong>Tercih \u00c7erezleri <\/strong><\/p>\n<p>Tercih \u00e7erezleri, tercihlerinize ili\u015fkin bilgileri toplar ve dil veya di\u011fer yerel ayarlar\u0131n\u0131z\u0131 hat\u0131rlamam\u0131z\u0131 ve Sitemizi size uygun \u015fekilde ki\u015fiselle\u015ftirmemizi sa\u011flar.<\/p>\n<table width=\"100%\">\n<tbody>\n<tr>\n<td><strong>\u00c7erez T\u00fcr\u00fc <\/strong><\/td>\n<td><strong>A\u00e7\u0131klama <\/strong><\/td>\n<td><strong>\u00c7erezlerin Kontrol\u00fc <\/strong><\/td>\n<\/tr>\n<tr>\n<td width=\"20%\">Dil<\/td>\n<td width=\"40%\">Kullan\u0131c\u0131n\u0131n se\u00e7ti\u011fi dili kaydeder ve buna uygun se\u00e7enekler sunar.<\/td>\n<td width=\"40%\">Taray\u0131c\u0131 ayarlar\u0131 arac\u0131\u011f\u0131yla kabul\/ret<\/td>\n<\/tr>\n<tr>\n<td width=\"20%\">Konum<\/td>\n<td width=\"40%\">Kullan\u0131c\u0131n\u0131n enlem ve boylam bilgileri sayesinde yakla\u015f\u0131k adresinin (\u015fehir, il\u00e7e, posta kodu) belirlenmesini ve kullan\u0131c\u0131n\u0131n bu \u015fekilde otomatik olarak kendi \u00fclkesini se\u00e7mesini ve o b\u00f6lgedeki perakendeciler ile tan\u0131t\u0131m g\u00fcnlerinin g\u00f6sterilmesini sa\u011flar.<\/td>\n<td width=\"40%\">Taray\u0131c\u0131 ayarlar\u0131 arac\u0131\u011f\u0131yla kabul\/ret<\/td>\n<\/tr>\n<tr>\n<td width=\"20%\">Mobil<\/td>\n<td width=\"40%\">E\u011fer kullan\u0131c\u0131 Siteyi mobil bir cihazdan ziyaret ediyorsa, ana web sitesini g\u00f6stermek i\u00e7in kullan\u0131l\u0131r.<\/td>\n<td width=\"40%\">Taray\u0131c\u0131 ayarlar\u0131 arac\u0131\u011f\u0131yla kabul\/ret<\/td>\n<\/tr>\n<tr>\n<td width=\"20%\">Kaynak Site<\/td>\n<td width=\"40%\">Kaynak site kullan\u0131c\u0131n\u0131n tercihlerinin daha iyi anla\u015f\u0131labilmesi i\u00e7in kaydedilir.<\/td>\n<td width=\"40%\">Taray\u0131c\u0131 ayarlar\u0131 arac\u0131\u011f\u0131yla kabul\/ret<\/td>\n<\/tr>\n<tr>\n<td width=\"20%\">Son Ziyaret ve Hareket<\/td>\n<td width=\"40%\">Kullan\u0131c\u0131lara sitemizi son ziyaretlerinden itibaren neler de\u011fi\u015fti\u011fine ili\u015fkin g\u00fcncellemelerde bulunmak ve kullan\u0131c\u0131lar\u0131n tercihlerini daha iyi anlamak i\u00e7in kullan\u0131l\u0131r.<\/td>\n<td width=\"40%\">Taray\u0131c\u0131 ayarlar\u0131 arac\u0131\u011f\u0131yla kabul\/ret<\/td>\n<\/tr>\n<tr>\n<td width=\"20%\">Son Zamanlarda \u0130zlenen Videolar<\/td>\n<td width=\"40%\">Son zamanlarda izlenen videolar\u0131n izlenme tarihleri ve ba\u015fl\u0131klar\u0131, kullan\u0131c\u0131n\u0131n tercihlerinin daha iyi anla\u015f\u0131labilmesi i\u00e7in kaydedilir.<\/td>\n<td width=\"40%\">Taray\u0131c\u0131 ayarlar\u0131 arac\u0131\u011f\u0131yla kabul\/ret<\/td>\n<\/tr>\n<tr>\n<td width=\"20%\">Veri \u00c7erezleri<\/td>\n<td width=\"40%\">Kullan\u0131c\u0131 tecr\u00fcbesini artt\u0131rmak, eri\u015fimi h\u0131zland\u0131rmak, favoriler gibi \u00f6nemli kullan\u0131c\u0131 \u00f6zelliklerini sa\u011flamak i\u00e7in baz\u0131 i\u00e7erikler yerel depolamada kaydedilir.<\/td>\n<td width=\"40%\">Taray\u0131c\u0131 ayarlar\u0131 arac\u0131\u011f\u0131yla kabul\/ret<\/td>\n<\/tr>\n<tr>\n<td width=\"20%\">Sayfa Ge\u00e7mi\u015fi<\/td>\n<td width=\"40%\">Sayfa ge\u00e7mi\u015fi \u00e7erezleri, kullan\u0131c\u0131lar\u0131n hangi s\u0131ras\u0131yla hangi siteleri ziyaret etti\u011fini takip etmek i\u00e7in kullan\u0131l\u0131r. E\u011fer kullan\u0131c\u0131 Siteyi ziyaret etti\u011finde bir hatayla kar\u015f\u0131la\u015f\u0131rsa, \u00e7erez bilgisi hatan\u0131n raporlanmas\u0131 ve \u00e7\u00f6z\u00fcm\u00fc i\u00e7in log dosyas\u0131na kaydolur.<\/td>\n<td width=\"40%\">Taray\u0131c\u0131 ayarlar\u0131 arac\u0131\u011f\u0131yla kabul\/ret<\/td>\n<\/tr>\n<\/tbody>\n<\/table>\n<p><strong>Sosyal Eklenti Takip \u00c7erezleri<\/strong><\/p>\n<p>Bu t\u00fcr \u00e7erezler, sosyal medya a\u011flar\u0131na \u00fcye olan veya olmayan ki\u015filerin, pazar analizi ve \u00fcr\u00fcn geli\u015fimi amac\u0131yla izlenmesi i\u00e7in kullan\u0131l\u0131r.<\/p>\n<table width=\"100%\">\n<tbody>\n<tr>\n<td><strong>\u00c7erez T\u00fcr\u00fc <\/strong><\/td>\n<td><strong>A\u00e7\u0131klama <\/strong><\/td>\n<td><strong>\u00c7erezlerin Kontrol\u00fc <\/strong><\/td>\n<\/tr>\n<tr>\n<td width=\"20%\">Facebook<\/td>\n<td width=\"40%\">Bu t\u00fcr \u00e7erezler, Facebook \u00fcyelerinin (veya \u00fcye olmayan ki\u015filerin) pazar analizi ve \u00fcr\u00fcn geli\u015fimi amac\u0131yla izlenmesini sa\u011flar.<\/td>\n<td width=\"40%\">Taray\u0131c\u0131 ayarlar\u0131 arac\u0131\u011f\u0131yla kabul\/ret<\/td>\n<\/tr>\n<\/tbody>\n<\/table>\n<p><strong>Analitik \u00c7erezler<\/strong><\/p>\n<p>Analitik \u00e7erezler Site kullan\u0131m\u0131n\u0131z hakk\u0131nda bilgi toplar ve Siteyi geli\u015ftirmemize yard\u0131mc\u0131 olur. \u00d6rne\u011fin, bu tip \u00e7erezler, Site \u00fczerinde en \u00e7ok hangi sayfalar\u0131n ziyaret edildi\u011fini g\u00f6sterir, Site i\u00e7inde ya\u015fan\u0131lan zorluklar\u0131n kaydedilmesine yard\u0131mc\u0131 olur ve reklamlar\u0131m\u0131z\u0131n etkili olup olmad\u0131\u011f\u0131n\u0131 g\u00f6sterir. Bu \u015fekilde bir ki\u015finin Siteyi nas\u0131l kulland\u0131\u011f\u0131ndan ziyade, genel e\u011filimin hangi y\u00f6nde oldu\u011funu anlar\u0131z.<\/p>\n<table width=\"100%\">\n<tbody>\n<tr>\n<td><strong>\u00c7erez T\u00fcr\u00fc <\/strong><\/td>\n<td><strong>A\u00e7\u0131klama <\/strong><\/td>\n<td><strong>\u00c7erezlerin Kontrol\u00fc <\/strong><\/td>\n<\/tr>\n<tr>\n<td width=\"20%\">Google analitikleri<\/td>\n<td width=\"40%\">Bu t\u00fcr \u00e7erezler t\u00fcm istatistiksel verilerin toplanmas\u0131n\u0131 bu \u015fekilde Sitenin sunumunun ve kullan\u0131m\u0131n\u0131n geli\u015ftirilmesini sa\u011flar. Google, bu istatistiklere toplumsal istatistikler ve ilgilere ili\u015fkin veriler eklemek suretiyle, kullan\u0131c\u0131lar\u0131 daha iyi anlamam\u0131z\u0131 sa\u011flar.<\/td>\n<td width=\"40%\">https:\/\/tools.google.com\/dlpage\/gaoptout<\/td>\n<\/tr>\n<tr>\n<td width=\"20%\">Fabric<\/td>\n<td width=\"40%\">Bu t\u00fcr \u00e7erezler sitenin i\u015fleyi\u015fi ile ilgili t\u00fcm istatistiksel verilerin toplanmas\u0131n\u0131 bu \u015fekilde Sitenin sunumunun ve kullan\u0131m\u0131n\u0131n geli\u015ftirilmesini sa\u011flar.<\/td>\n<td width=\"40%\">Taray\u0131c\u0131 ayarlar\u0131 arac\u0131\u011f\u0131yla kabul\/ret<\/td>\n<\/tr>\n<\/tbody>\n<\/table>\n<p><strong>Pazarlama \u00c7erezleri<\/strong><\/p>\n<p>Reklam \u00e7erezleri pazarlama ama\u00e7lar\u0131 ile kullan\u0131l\u0131r.<\/p>\n<table width=\"100%\">\n<tbody>\n<tr>\n<td><strong>\u00c7erez T\u00fcr\u00fc <\/strong><\/td>\n<td><strong>A\u00e7\u0131klama <\/strong><\/td>\n<td><strong>\u00c7erezlerin Kontrol\u00fc <\/strong><\/td>\n<\/tr>\n<tr>\n<td width=\"20%\">Reklam<\/td>\n<td width=\"40%\">Davran\u0131\u015fsal ve hedef odakl\u0131 reklamlar\u0131n ula\u015ft\u0131r\u0131lmas\u0131.<\/td>\n<td width=\"40%\">Taray\u0131c\u0131 ayarlar\u0131 arac\u0131\u011f\u0131yla kabul\/ret<\/td>\n<\/tr>\n<tr>\n<td width=\"20%\">Pazar Analizi<\/td>\n<td width=\"40%\">Pazar analizi y\u00fcr\u00fct\u00fclmesi<\/td>\n<td width=\"40%\">Taray\u0131c\u0131 ayarlar\u0131 arac\u0131\u011f\u0131yla kabul\/ret<\/td>\n<\/tr>\n<tr>\n<td width=\"20%\">Kampanya\/ Promosyon<\/td>\n<td width=\"40%\">Kampanyalar\u0131n etkisinin hesaplanmas\u0131<\/td>\n<td width=\"40%\">Taray\u0131c\u0131 ayarlar\u0131 arac\u0131\u011f\u0131yla kabul\/ret<\/td>\n<\/tr>\n<tr>\n<td width=\"20%\">Doland\u0131r\u0131c\u0131l\u0131k Tespiti<\/td>\n<td width=\"40%\">T\u0131klama hilelerinin tespit edilmesi<\/td>\n<td width=\"40%\">Taray\u0131c\u0131 ayarlar\u0131 arac\u0131\u011f\u0131yla kabul\/ret<\/td>\n<\/tr>\n<\/tbody>\n<\/table>\n<p>&nbsp;<\/p>\n","protected":false},"excerpt":{"rendered":"<p>D\u0130AMO KOZMET\u0130K SANAY\u0130 VE T\u0130CARET ANON\u0130M \u015e\u0130RKET\u0130 www.diamocosmetic.com \u00c7EREZ POL\u0130T\u0130KASI \u0130\u015f bu \u00e7erez politikam\u0131z, gizlilik, ki\u015fisel verilerin korunmas\u0131 ve i\u015flenmesi politikalar\u0131n\u0131n bir<\/p>\n","protected":false},"author":4,"featured_media":0,"parent":0,"menu_order":0,"comment_status":"closed","ping_status":"closed","template":"","meta":{"footnotes":""},"class_list":["post-9298","page","type-page","status-publish","hentry"],"_links":{"self":[{"href":"https:\/\/diamocosmetic.com\/tr\/wp-json\/wp\/v2\/pages\/9298","targetHints":{"allow":["GET"]}}],"collection":[{"href":"https:\/\/diamocosmetic.com\/tr\/wp-json\/wp\/v2\/pages"}],"about":[{"href":"https:\/\/diamocosmetic.com\/tr\/wp-json\/wp\/v2\/types\/page"}],"author":[{"embeddable":true,"href":"https:\/\/diamocosmetic.com\/tr\/wp-json\/wp\/v2\/users\/4"}],"replies":[{"embeddable":true,"href":"https:\/\/diamocosmetic.com\/tr\/wp-json\/wp\/v2\/comments?post=9298"}],"version-history":[{"count":2,"href":"https:\/\/diamocosmetic.com\/tr\/wp-json\/wp\/v2\/pages\/9298\/revisions"}],"predecessor-version":[{"id":9303,"href":"https:\/\/diamocosmetic.com\/tr\/wp-json\/wp\/v2\/pages\/9298\/revisions\/9303"}],"wp:attachment":[{"href":"https:\/\/diamocosmetic.com\/tr\/wp-json\/wp\/v2\/media?parent=9298"}],"curies":[{"name":"wp","href":"https:\/\/api.w.org\/{rel}","templated":true}]}}