{"id":9350,"date":"2023-01-25T13:21:09","date_gmt":"2023-01-25T13:21:09","guid":{"rendered":"https:\/\/diamocosmetic.com\/sirket-politikamiz\/"},"modified":"2023-01-25T13:21:09","modified_gmt":"2023-01-25T13:21:09","slug":"sirket-politikamiz","status":"publish","type":"page","link":"https:\/\/diamocosmetic.com\/tr\/sirket-politikamiz\/","title":{"rendered":"\u015eirket Politikam\u0131z"},"content":{"rendered":"<p style=\"font-weight: 400;\"><span style=\"color: #808080;\"><strong><em>\u00a0<\/em><\/strong><\/span><\/p>\n<h1 style=\"font-weight: 400;\"><span style=\"color: #808080;\">Diamo Kozmetik olarak,<\/span><\/h1>\n<ul>\n<li><span style=\"color: #808080;\">\u00c7a\u011fda\u015f, teknoloji ve geli\u015fmelerden kopmadan olu\u015fturdu\u011fumuz vizyonumuzu, giri\u015fimci ruh ve cesaretle olu\u015fturdu\u011fumuz markalar\u0131m\u0131z ile d\u00fcnya pazar\u0131nda yer almay\u0131 hedefleyece\u011fimizi,<\/span><\/li>\n<li><span style=\"color: #808080;\">Dinamik; yeniliklere ve geli\u015fmeye \u00f6nem veren bir firma olaca\u011f\u0131m\u0131z\u0131; ara\u015ft\u0131rma-geli\u015ftirmeye yat\u0131r\u0131m yaparak; de\u011fi\u015fime direnci reddedece\u011fimizi,<\/span><\/li>\n<li><span style=\"color: #808080;\">Sorumluluk duygusu ta\u015f\u0131yarak, topluma maddi ve manevi de\u011fer katmak i\u00e7in \u00e7al\u0131\u015faca\u011f\u0131m\u0131za,<\/span><\/li>\n<li><span style=\"color: #808080;\">Gelece\u011fe giden yolda, ge\u00e7mi\u015ften g\u00fc\u00e7 ve ders alman\u0131n \u00f6neminin bilinciyle ulusal de\u011ferlere ba\u011fl\u0131 olaca\u011f\u0131m\u0131za; ailevi ve manevi de\u011ferlere sahip \u00e7\u0131kaca\u011f\u0131m\u0131za,<\/span><\/li>\n<li><span style=\"color: #808080;\">Ba\u015far\u0131n\u0131n temel ilkelerinin d\u00fcr\u00fcst, disiplinli ve planl\u0131 olarak \u00e7al\u0131\u015fmak oldu\u011funa inanaca\u011f\u0131m\u0131za,<\/span><\/li>\n<li><span style=\"color: #808080;\">E\u011fitime \u00f6nem verip, mesleki e\u011fitim ve geli\u015fime olanak tan\u0131yaca\u011f\u0131m\u0131za; ba\u015far\u0131y\u0131 \u00f6d\u00fcllendirip, hijyen, BSCI ve IFS ile di\u011fer kalite y\u00f6netim sistem kurallar\u0131n\u0131 ve sosyal sorumluluk i\u00e7erisinde ast \u00fcst ayr\u0131m\u0131 yapmadan t\u00fcm personele e\u011fitimlerle aktaraca\u011f\u0131m\u0131za<\/span><\/li>\n<li><span style=\"color: #808080;\">K\u00f6kl\u00fc bir ge\u00e7mi\u015fe sahip, sayg\u0131n, istikrarl\u0131, d\u00fcr\u00fcst ve g\u00fcvenilir bir firma olaca\u011f\u0131m\u0131za,<\/span><\/li>\n<li><span style=\"color: #808080;\">Sat\u0131n al\u0131nan her girdinin IFS standartlar\u0131na uygun olarak sat\u0131n alaca\u011f\u0131m\u0131za ve kontrol edece\u011fimize,<\/span><\/li>\n<li><span style=\"color: #808080;\">M\u00fc\u015fteri isteklerine \u00f6nem vermekle birlikte IFS \u015fartlar\u0131na uygun olmayan isteklerin kar\u015f\u0131lanamayaca\u011f\u0131 bilgisinin m\u00fc\u015fterilerimize verilece\u011fine,<\/span><\/li>\n<li><span style=\"color: #808080;\">M\u00fc\u015fteri odakl\u0131 olup, geli\u015fmeleri takip edip piyasan\u0131n talep ve beklentilerini tespit ederek, stratejimizi ona g\u00f6re y\u00f6nlendirece\u011fimize,<\/span><\/li>\n<li><span style=\"color: #808080;\">Faaliyet g\u00f6sterdi\u011fimiz her alanda en iyi olmak i\u00e7in \u00e7al\u0131\u015f\u0131p, sonuca odaklanaca\u011f\u0131m\u0131za,<\/span><\/li>\n<li><span style=\"color: #808080;\">Kurumsalla\u015fman\u0131n gereklili\u011fini kavray\u0131p, \u00f6\u011frenen ve ele\u015ftiriye a\u00e7\u0131k bir organizasyona sahip olaca\u011f\u0131m\u0131za,<\/span><\/li>\n<li><span style=\"color: #808080;\">Tak\u0131m ruhunun, ortak sinerjinin ve adil \u00e7al\u0131\u015fma ortam\u0131n\u0131n g\u00fcc\u00fcne inanaca\u011f\u0131m\u0131za,<\/span><\/li>\n<li><span style=\"color: #808080;\">Kalite sistemleri \u00e7er\u00e7evesinde t\u00fcm \u00e7al\u0131\u015fanlar\u0131n daha yetkin ve yeteneklerini en \u00fcst seviyede kullanabilen ki\u015filer haline gelmeleri i\u00e7in ekip \u00e7al\u0131\u015fmas\u0131na \u00f6nem vererek kalite d\u00fczeyini s\u00fcrekli y\u00fckseltece\u011fimize,<\/span><\/li>\n<li><span style=\"color: #808080;\">Temizlik ve d\u00fczene de\u011fer verip, tutumlulu\u011fu te\u015fvik edip, israf\u0131n kar\u015f\u0131s\u0131nda duraca\u011f\u0131m\u0131za,<\/span><\/li>\n<li><span style=\"color: #808080;\">\u0130nsana de\u011fer verip, payla\u015f\u0131mc\u0131l\u0131\u011f\u0131 destekleyece\u011fimize,<\/span><\/li>\n<li><span style=\"color: #808080;\">IFS, ISO ve GMP standartlar\u0131na uygun olacak \u015fekilde \u00fcretim yaparak, \u00fcr\u00fcnde ve hizmette kaliteden \u00f6d\u00fcn vermeyece\u011fimize, \u00fcretim standartlar\u0131m\u0131z\u0131 hep en yukar\u0131da tutaca\u011f\u0131m\u0131za,<\/span><\/li>\n<li><span style=\"color: #808080;\">\u00dcr\u00fcnlerimize ait riskleri belirleyerek ve olu\u015fabilecek riskleri engelleyerek veya kabul edilebilir seviyeye indirece\u011fimize,<\/span><\/li>\n<li><span style=\"color: #808080;\">\u00c7al\u0131\u015fanlar\u0131m\u0131z\u0131n b\u00fct\u00fcn kanuni ve etik olarak haklar\u0131n\u0131 savunmaya ve onlara sorumluluklar\u0131n\u0131 geli\u015ftirmeye y\u00f6nelik \u00e7al\u0131\u015fmalar yapmaya devam edece\u011fimize,<\/span><\/li>\n<li><span style=\"color: #808080;\">Kurum i\u00e7erisinde \u00e7al\u0131\u015fanlar aras\u0131nda dil, din, mezhep, \u0131rk, renk, cinsiyet, siyasi d\u00fc\u015f\u00fcnce, inan\u00e7, ya\u015f, fiziksel engel ve benzeri nedenler ile ayr\u0131mc\u0131l\u0131k yap\u0131lmayaca\u011f\u0131na,<\/span><\/li>\n<li><span style=\"color: #808080;\">Fabrikam\u0131za ait t\u00fcm b\u00f6l\u00fcmlerin IFS ve \u00fcr\u00fcn g\u00fcvenli\u011fi ile ilgili gerekli altyap\u0131y\u0131 sa\u011flayacak \u015fekilde olu\u015fturaca\u011f\u0131m\u0131za, teknolojiyi takip ederek \u00fcr\u00fcn g\u00fcvenli\u011fi i\u00e7in en uygun ekipman ve cihazlar\u0131 kullanaca\u011f\u0131m\u0131za,<\/span><\/li>\n<li><span style=\"color: #808080;\">Maliyetleri d\u00fc\u015f\u00fcrmek ve karl\u0131l\u0131\u011f\u0131 artt\u0131rmak i\u00e7in teknolojik geli\u015fmeleri yak\u0131ndan takip edece\u011fimize ve uygulayaca\u011f\u0131m\u0131za,<\/span><\/li>\n<li><span style=\"color: #808080;\">T\u00fcm \u00fcr\u00fcnlerimizin insan sa\u011fl\u0131\u011f\u0131na, m\u00fc\u015fteri isteklerine, kanuni ve etik kurallara uygun olarak \u00fcretece\u011fimize ve bu yolda t\u00fcm s\u00fcre\u00e7lerimizi kontrol alt\u0131nda tutarak s\u00fcrekli iyile\u015ftirmeye\/geli\u015ftirmeye g\u00f6re hareket edece\u011fimize,<\/span><\/li>\n<li><span style=\"color: #808080;\">\u00dcretti\u011fimiz veya \u00fcretece\u011fimiz t\u00fcm \u00fcr\u00fcnlerde (t\u00fcm tedarik s\u00fcre\u00e7leri dahil olmak \u00fczere ) hayvan haklar\u0131n\u0131 koruyaca\u011f\u0131m\u0131za ve g\u00f6zetece\u011fimize,<\/span><\/li>\n<li><span style=\"color: #808080;\">Kozmetik ve aerosol \u00fcretim faaliyetlerimizden kaynaklanan at\u0131klar\u0131n, \u00e7evre ve insan sa\u011fl\u0131\u011f\u0131 \u00fczerindeki olas\u0131 etkilerini kontrol alt\u0131nda tutaca\u011f\u0131m\u0131za,<\/span><\/li>\n<li><span style=\"color: #808080;\">Kozmetik ve aerosol \u00fcretim sekt\u00f6r\u00fcn\u00fcn gerektirdi\u011fi Sa\u011fl\u0131k Bakanl\u0131\u011f\u0131 yasa ve y\u00f6netmelikleri ile \u00c7evre Kanunu ile ilgili yasa ve y\u00f6netmeliklere uyumu sa\u011flayaca\u011f\u0131m\u0131za,<\/span><\/li>\n<li><span style=\"color: #808080;\">Do\u011fal kaynaklar\u0131n korunmas\u0131 i\u00e7in enerji kullan\u0131m\u0131n\u0131 azaltarak, at\u0131klar\u0131m\u0131z\u0131 en d\u00fc\u015f\u00fck seviyeye indirip ve geri d\u00f6n\u00fc\u015f\u00fcm\u00fcn desteklenmesini sa\u011flayaca\u011f\u0131m\u0131za,<\/span><\/li>\n<li><span style=\"color: #808080;\">\u00c7al\u0131\u015fanlar\u0131m\u0131z\u0131 \u00e7evrenin korunmas\u0131 konusunda bilin\u00e7lendirmek amac\u0131yla e\u011fitim faaliyetleri d\u00fczenleyece\u011fimize ve \u00e7evre korunmas\u0131 faaliyetlerinde \u00f6rnek bir kurulu\u015f olaca\u011f\u0131m\u0131za,<\/span><\/li>\n<li><span style=\"color: #808080;\">IFS gerekliliklerini sa\u011flamak i\u00e7in t\u00fcm makine ekipman ve altyap\u0131m\u0131z\u0131 standart isteklerine uygun olarak tesis edece\u011fimize,<\/span><\/li>\n<\/ul>\n<p style=\"font-weight: 400;\"><span style=\"color: #808080;\">\u00a0 \u00a0S\u00f6z verip, taahh\u00fct ederiz.<\/span><\/p>\n<p>&nbsp;<\/p>\n<p style=\"font-weight: 400;\"><span style=\"color: #808080;\">Y\u00f6netim Kurulu Ba\u015fkanlar\u0131<\/span><\/p>\n<p style=\"font-weight: 400;\"><span style=\"color: #808080;\">Ahmet Etensel &amp; Hakk\u0131 Karaa\u011fa\u00e7lar<\/span><\/p>\n<p style=\"font-weight: 400;\">\n","protected":false},"excerpt":{"rendered":"<p>\u00a0 Diamo Kozmetik olarak, \u00c7a\u011fda\u015f, teknoloji ve geli\u015fmelerden kopmadan olu\u015fturdu\u011fumuz vizyonumuzu, giri\u015fimci ruh ve cesaretle olu\u015fturdu\u011fumuz markalar\u0131m\u0131z ile d\u00fcnya pazar\u0131nda yer almay\u0131<\/p>\n","protected":false},"author":4,"featured_media":0,"parent":0,"menu_order":0,"comment_status":"closed","ping_status":"closed","template":"","meta":{"footnotes":""},"class_list":["post-9350","page","type-page","status-publish","hentry"],"_links":{"self":[{"href":"https:\/\/diamocosmetic.com\/tr\/wp-json\/wp\/v2\/pages\/9350","targetHints":{"allow":["GET"]}}],"collection":[{"href":"https:\/\/diamocosmetic.com\/tr\/wp-json\/wp\/v2\/pages"}],"about":[{"href":"https:\/\/diamocosmetic.com\/tr\/wp-json\/wp\/v2\/types\/page"}],"author":[{"embeddable":true,"href":"https:\/\/diamocosmetic.com\/tr\/wp-json\/wp\/v2\/users\/4"}],"replies":[{"embeddable":true,"href":"https:\/\/diamocosmetic.com\/tr\/wp-json\/wp\/v2\/comments?post=9350"}],"version-history":[{"count":0,"href":"https:\/\/diamocosmetic.com\/tr\/wp-json\/wp\/v2\/pages\/9350\/revisions"}],"wp:attachment":[{"href":"https:\/\/diamocosmetic.com\/tr\/wp-json\/wp\/v2\/media?parent=9350"}],"curies":[{"name":"wp","href":"https:\/\/api.w.org\/{rel}","templated":true}]}}